{"id":26,"date":"2023-05-10T19:15:04","date_gmt":"2023-05-10T19:15:04","guid":{"rendered":"https:\/\/quiropataemcuritiba.com.br\/?page_id=26"},"modified":"2024-04-10T16:48:24","modified_gmt":"2024-04-10T16:48:24","slug":"seitai-a-quiropraxia-japonesa","status":"publish","type":"page","link":"https:\/\/quiropataemcuritiba.com.br\/?page_id=26","title":{"rendered":"Seitai, a quiropraxia japonesa"},"content":{"rendered":"<p>[et_pb_section fb_built=&#8221;1&#8243; admin_label=&#8221;Header&#8221; _builder_version=&#8221;4.21.0&#8243; background_color=&#8221;#0A3876&#8243; width=&#8221;95%&#8221; module_alignment=&#8221;right&#8221; custom_margin=&#8221;||10vw|||&#8221; custom_padding=&#8221;6vw||||false|&#8221; global_colors_info=&#8221;{}&#8221;][et_pb_row _builder_version=&#8221;4.16&#8243; global_colors_info=&#8221;{}&#8221;][et_pb_column type=&#8221;4_4&#8243; _builder_version=&#8221;4.16&#8243; custom_padding=&#8221;|||&#8221; global_colors_info=&#8221;{}&#8221; custom_padding__hover=&#8221;|||&#8221;][et_pb_text _builder_version=&#8221;4.21.0&#8243; text_font=&#8221;||||||||&#8221; text_font_size=&#8221;20px&#8221; text_line_height=&#8221;1.6em&#8221; header_font=&#8221;Gentium Basic|700|||||||&#8221; header_font_size=&#8221;70px&#8221; header_line_height=&#8221;1.2em&#8221; background_layout=&#8221;dark&#8221; header_font_size_tablet=&#8221;40px&#8221; header_font_size_phone=&#8221;25px&#8221; header_font_size_last_edited=&#8221;on|phone&#8221; locked=&#8221;off&#8221; global_colors_info=&#8221;{}&#8221;]<\/p>\n<h1 class=\"color_light fw_light m_bottom_5\" style=\"text-align: center;\"><strong>Seitai, a quiropraxia japonesa<\/strong><\/h1>\n<p>[\/et_pb_text][\/et_pb_column][\/et_pb_row][et_pb_row _builder_version=&#8221;4.16&#8243; custom_margin=&#8221;||-10vw&#8221; custom_padding=&#8221;0px||0px|||&#8221; global_colors_info=&#8221;{}&#8221;][et_pb_column type=&#8221;4_4&#8243; _builder_version=&#8221;4.16&#8243; custom_padding=&#8221;|||&#8221; global_colors_info=&#8221;{}&#8221; custom_padding__hover=&#8221;|||&#8221;][et_pb_image src=&#8221;https:\/\/quiropataemcuritiba.com.br\/wp-content\/uploads\/2023\/05\/human-body-running.jpg&#8221; title_text=&#8221;Male figure running&#8221; _builder_version=&#8221;4.21.0&#8243; _module_preset=&#8221;default&#8221; width=&#8221;100%&#8221; max_width=&#8221;100%&#8221; module_alignment=&#8221;center&#8221; min_height=&#8221;775px&#8221; global_colors_info=&#8221;{}&#8221;][\/et_pb_image][\/et_pb_column][\/et_pb_row][\/et_pb_section][et_pb_section fb_built=&#8221;1&#8243; admin_label=&#8221;About&#8221; _builder_version=&#8221;4.16&#8243; custom_padding=&#8221;|||||&#8221; global_colors_info=&#8221;{}&#8221;][et_pb_row _builder_version=&#8221;4.16&#8243; global_colors_info=&#8221;{}&#8221;][et_pb_column type=&#8221;4_4&#8243; _builder_version=&#8221;4.16&#8243; custom_padding=&#8221;|||&#8221; global_colors_info=&#8221;{}&#8221; custom_padding__hover=&#8221;|||&#8221;][et_pb_text _builder_version=&#8221;4.24.3&#8243; text_font=&#8221;||||||||&#8221; text_font_size=&#8221;16px&#8221; text_line_height=&#8221;1.8em&#8221; header_font=&#8221;||||||||&#8221; header_2_font=&#8221;Gentium Basic|700|||||||&#8221; header_2_font_size=&#8221;50px&#8221; header_2_line_height=&#8221;1.2em&#8221; header_4_font=&#8221;Gentium Basic|700|||||||&#8221; header_4_font_size=&#8221;40px&#8221; header_4_line_height=&#8221;1.2em&#8221; text_orientation=&#8221;center&#8221; max_width=&#8221;600px&#8221; module_alignment=&#8221;center&#8221; hover_enabled=&#8221;0&#8243; header_2_font_size_tablet=&#8221;40px&#8221; header_2_font_size_phone=&#8221;25px&#8221; header_2_font_size_last_edited=&#8221;on|phone&#8221; header_4_font_size_tablet=&#8221;30px&#8221; header_4_font_size_phone=&#8221;22px&#8221; header_4_font_size_last_edited=&#8221;on|phone&#8221; locked=&#8221;off&#8221; global_colors_info=&#8221;{}&#8221; sticky_enabled=&#8221;0&#8243;]<\/p>\n<p style=\"text-align: justify;\">O Seitai teve sua origem no Jap\u00e3o feudal como uma t\u00e9cnica utilizada pelos samurais, pela necessidade de se recuperar rapidamente das batalhas.<\/p>\n<p style=\"text-align: justify;\"><em>Sei<\/em> quer dizer alinhar e <em>Tai <\/em>significa corpo. Trata-se de uma t\u00e9cnica que utiliza manobras espec\u00edficas para corrigir problemas na coluna, v\u00e9rtebras membros originados por mal jeito ou m\u00e1 postura. Alinham-se as v\u00e9rtebras, elimina a dor e aumenta a resistencia muscular, estimula o liquido sinovial melhorando a lubrifica\u00e7\u00e3o de articula\u00e7\u00f5es e tend\u00f5es, ativando a circula\u00e7\u00e3o, fortalecendo os ligamentos e promovendo maior atividade corporal. A t\u00e9cnica tamb\u00e9m chamada de quiropraxia japonesa difere da quiropraxia ocidental, pois trata o conjunto de v\u00e9rtebras e n\u00e3o individualmente.\u00a0<\/p>\n<p>[\/et_pb_text][\/et_pb_column][\/et_pb_row][et_pb_row column_structure=&#8221;1_2,1_2&#8243; _builder_version=&#8221;4.21.0&#8243; _module_preset=&#8221;default&#8221; global_colors_info=&#8221;{}&#8221;][et_pb_column type=&#8221;1_2&#8243; _builder_version=&#8221;4.21.0&#8243; _module_preset=&#8221;default&#8221; global_colors_info=&#8221;{}&#8221;][et_pb_image src=&#8221;https:\/\/quiropataemcuritiba.com.br\/wp-content\/uploads\/2023\/05\/cherry-blossoms-spring-chureito-pagoda-fuji-mountain-japan-1.jpg&#8221; title_text=&#8221;Cherry blossoms in spring, Chureito pagoda and Fuji mountain in&#8221; _builder_version=&#8221;4.21.0&#8243; _module_preset=&#8221;default&#8221; global_colors_info=&#8221;{}&#8221;][\/et_pb_image][\/et_pb_column][et_pb_column type=&#8221;1_2&#8243; _builder_version=&#8221;4.21.0&#8243; _module_preset=&#8221;default&#8221; global_colors_info=&#8221;{}&#8221;][et_pb_image src=&#8221;https:\/\/quiropataemcuritiba.com.br\/wp-content\/uploads\/2023\/05\/young-female-receiving-professional-facial-massage-1.jpg&#8221; title_text=&#8221;Massage of face at the spa salon&#8221; _builder_version=&#8221;4.21.0&#8243; _module_preset=&#8221;default&#8221; global_colors_info=&#8221;{}&#8221;][\/et_pb_image][\/et_pb_column][\/et_pb_row][\/et_pb_section][et_pb_section fb_built=&#8221;1&#8243; specialty=&#8221;on&#8221; admin_label=&#8221;Footer&#8221; _builder_version=&#8221;4.16&#8243; background_color=&#8221;#000000&#8243; use_background_color_gradient=&#8221;on&#8221; background_color_gradient_direction=&#8221;220deg&#8221; background_color_gradient_stops=&#8221;#ffffff 27%|rgba(255,255,255,0) 84%&#8221; background_color_gradient_overlays_image=&#8221;on&#8221; background_color_gradient_start=&#8221;#ffffff&#8221; background_color_gradient_start_position=&#8221;27%&#8221; background_color_gradient_end=&#8221;rgba(255,255,255,0)&#8221; background_color_gradient_end_position=&#8221;84%&#8221; background_image=&#8221;https:\/\/quiropataemcuritiba.com.br\/wp-content\/uploads\/2022\/10\/chiropractor-09.jpg&#8221; background_position=&#8221;top_center&#8221; custom_padding=&#8221;5vw|0px|20vw|0px|false|false&#8221; box_shadow_style=&#8221;preset7&#8243; box_shadow_horizontal=&#8221;10vw&#8221; box_shadow_vertical=&#8221;15vw&#8221; box_shadow_color=&#8221;#000000&#8243; box_shadow_vertical_tablet=&#8221;30vw&#8221; box_shadow_vertical_phone=&#8221;60vw&#8221; box_shadow_vertical_last_edited=&#8221;on|desktop&#8221; global_colors_info=&#8221;{}&#8221;][et_pb_column type=&#8221;1_2&#8243; _builder_version=&#8221;4.16&#8243; custom_padding=&#8221;|||&#8221; global_colors_info=&#8221;{}&#8221; custom_padding__hover=&#8221;|||&#8221;][et_pb_text _builder_version=&#8221;4.16&#8243; text_font=&#8221;||||||||&#8221; text_font_size=&#8221;16px&#8221; text_line_height=&#8221;2em&#8221; header_2_font=&#8221;Gentium Basic|700|||||||&#8221; header_2_font_size=&#8221;50px&#8221; header_2_line_height=&#8221;1.2em&#8221; background_layout=&#8221;dark&#8221; module_alignment=&#8221;center&#8221; header_2_font_size_tablet=&#8221;40px&#8221; header_2_font_size_phone=&#8221;25px&#8221; header_2_font_size_last_edited=&#8221;on|phone&#8221; locked=&#8221;off&#8221; global_colors_info=&#8221;{}&#8221;]<\/p>\n<h2>Contact Us.<\/h2>\n<p>[\/et_pb_text][\/et_pb_column][et_pb_column type=&#8221;1_2&#8243; specialty_columns=&#8221;2&#8243; _builder_version=&#8221;4.16&#8243; custom_padding=&#8221;|||&#8221; global_colors_info=&#8221;{}&#8221; custom_padding__hover=&#8221;|||&#8221;][et_pb_row_inner custom_padding_last_edited=&#8221;on|phone&#8221; _builder_version=&#8221;4.16&#8243; background_color=&#8221;#007eff&#8221; custom_padding=&#8221;60px|60px|60px|60px|true|true&#8221; custom_padding_tablet=&#8221;30px|30px|30px|30px|true|true&#8221; custom_padding_phone=&#8221;30px|||&#8221; global_colors_info=&#8221;{}&#8221;][et_pb_column_inner saved_specialty_column_type=&#8221;1_2&#8243; _builder_version=&#8221;4.16&#8243; custom_padding=&#8221;|||&#8221; global_colors_info=&#8221;{}&#8221; custom_padding__hover=&#8221;|||&#8221;][et_pb_blurb title=&#8221;Email Us&#8221; use_icon=&#8221;on&#8221; font_icon=&#8221;&#xe076;||divi||400&#8243; icon_color=&#8221;#ffffff&#8221; icon_placement=&#8221;left&#8221; image_icon_width=&#8221;19px&#8221; content_max_width=&#8221;100%&#8221; _builder_version=&#8221;4.16&#8243; header_font=&#8221;|700|||||||&#8221; background_layout=&#8221;dark&#8221; custom_margin=&#8221;40px||40px||true&#8221; custom_margin_tablet=&#8221;0px|||&#8221; custom_margin_last_edited=&#8221;off|tablet&#8221; animation=&#8221;off&#8221; icon_font_size=&#8221;19px&#8221; locked=&#8221;off&#8221; global_colors_info=&#8221;{}&#8221;]<\/p>\n<p>info@divichiropractic.com<\/p>\n<p>[\/et_pb_blurb][et_pb_blurb title=&#8221;Call Us&#8221; use_icon=&#8221;on&#8221; font_icon=&#8221;&#xe090;||divi||400&#8243; icon_color=&#8221;#ffffff&#8221; icon_placement=&#8221;left&#8221; image_icon_width=&#8221;19px&#8221; content_max_width=&#8221;100%&#8221; _builder_version=&#8221;4.16&#8243; header_font=&#8221;|700|||||||&#8221; background_layout=&#8221;dark&#8221; custom_margin=&#8221;40px||40px||true&#8221; custom_margin_tablet=&#8221;0px|||&#8221; custom_margin_last_edited=&#8221;off|tablet&#8221; animation=&#8221;off&#8221; icon_font_size=&#8221;19px&#8221; locked=&#8221;off&#8221; global_colors_info=&#8221;{}&#8221;]<\/p>\n<p>(255) 352-6258<\/p>\n<p>[\/et_pb_blurb][et_pb_blurb title=&#8221;Office&#8221; use_icon=&#8221;on&#8221; font_icon=&#8221;&#xe081;||divi||400&#8243; icon_color=&#8221;#ffffff&#8221; icon_placement=&#8221;left&#8221; image_icon_width=&#8221;19px&#8221; content_max_width=&#8221;100%&#8221; _builder_version=&#8221;4.16&#8243; header_font=&#8221;|700|||||||&#8221; background_layout=&#8221;dark&#8221; custom_margin=&#8221;40px||40px||true&#8221; custom_margin_tablet=&#8221;0px|||&#8221; custom_margin_last_edited=&#8221;off|tablet&#8221; animation=&#8221;off&#8221; icon_font_size=&#8221;19px&#8221; locked=&#8221;off&#8221; global_colors_info=&#8221;{}&#8221;]<\/p>\n<p>5678 Extra Rd. #1234 San Francisco, CA 96120<\/p>\n<p>[\/et_pb_blurb][\/et_pb_column_inner][\/et_pb_row_inner][et_pb_row_inner _builder_version=&#8221;4.16&#8243; custom_padding=&#8221;0px||0px|||&#8221; global_colors_info=&#8221;{}&#8221;][et_pb_column_inner saved_specialty_column_type=&#8221;1_2&#8243; _builder_version=&#8221;4.16&#8243; custom_padding=&#8221;|||&#8221; global_colors_info=&#8221;{}&#8221; custom_padding__hover=&#8221;|||&#8221;][et_pb_button button_text=&#8221;Send a Message&#8221; button_alignment=&#8221;left&#8221; _builder_version=&#8221;4.16&#8243; custom_button=&#8221;on&#8221; button_text_size=&#8221;16px&#8221; button_bg_color=&#8221;#000000&#8243; button_border_width=&#8221;10px&#8221; button_border_color=&#8221;rgba(0,0,0,0)&#8221; button_border_radius=&#8221;0px&#8221; button_font=&#8221;Karla|700|||||||&#8221; background_layout=&#8221;dark&#8221; custom_margin_tablet=&#8221;|0px||&#8221; custom_margin_last_edited=&#8221;off|desktop&#8221; button_bg_color_last_edited=&#8221;off|tablet&#8221; locked=&#8221;off&#8221; global_colors_info=&#8221;{}&#8221; button_bg_color__hover_enabled=&#8221;on&#8221; button_bg_color__hover=&#8221;#000000&#8243; button_bg_enable_color__hover=&#8221;on&#8221;][\/et_pb_button][\/et_pb_column_inner][\/et_pb_row_inner][\/et_pb_column][\/et_pb_section]<\/p>\n","protected":false},"excerpt":{"rendered":"<p>Seitai, a quiropraxia japonesaO Seitai teve sua origem no Jap\u00e3o feudal como uma t\u00e9cnica utilizada pelos samurais, pela necessidade de se recuperar rapidamente das batalhas. Sei quer dizer alinhar e Tai significa corpo. Trata-se de uma t\u00e9cnica que utiliza manobras espec\u00edficas para corrigir problemas na coluna, v\u00e9rtebras membros originados por mal jeito ou m\u00e1 postura. [&hellip;]<\/p>\n","protected":false},"author":1,"featured_media":0,"parent":0,"menu_order":0,"comment_status":"closed","ping_status":"closed","template":"","meta":{"_et_pb_use_builder":"on","_et_pb_old_content":"","_et_gb_content_width":"","footnotes":""},"class_list":["post-26","page","type-page","status-publish","hentry"],"_links":{"self":[{"href":"https:\/\/quiropataemcuritiba.com.br\/index.php?rest_route=\/wp\/v2\/pages\/26","targetHints":{"allow":["GET"]}}],"collection":[{"href":"https:\/\/quiropataemcuritiba.com.br\/index.php?rest_route=\/wp\/v2\/pages"}],"about":[{"href":"https:\/\/quiropataemcuritiba.com.br\/index.php?rest_route=\/wp\/v2\/types\/page"}],"author":[{"embeddable":true,"href":"https:\/\/quiropataemcuritiba.com.br\/index.php?rest_route=\/wp\/v2\/users\/1"}],"replies":[{"embeddable":true,"href":"https:\/\/quiropataemcuritiba.com.br\/index.php?rest_route=%2Fwp%2Fv2%2Fcomments&post=26"}],"version-history":[{"count":3,"href":"https:\/\/quiropataemcuritiba.com.br\/index.php?rest_route=\/wp\/v2\/pages\/26\/revisions"}],"predecessor-version":[{"id":104,"href":"https:\/\/quiropataemcuritiba.com.br\/index.php?rest_route=\/wp\/v2\/pages\/26\/revisions\/104"}],"wp:attachment":[{"href":"https:\/\/quiropataemcuritiba.com.br\/index.php?rest_route=%2Fwp%2Fv2%2Fmedia&parent=26"}],"curies":[{"name":"wp","href":"https:\/\/api.w.org\/{rel}","templated":true}]}}